{"id":15,"date":"2020-02-25T11:19:47","date_gmt":"2020-02-25T10:19:47","guid":{"rendered":"https:\/\/xn--flyttstdning-kalmar-mwb.se\/?page_id=15"},"modified":"2020-02-25T11:19:48","modified_gmt":"2020-02-25T10:19:48","slug":"flyttstadning-kalmar","status":"publish","type":"page","link":"https:\/\/xn--flyttstdning-kalmar-mwb.se\/","title":{"rendered":"Flyttst\u00e4dning Kalmar"},"content":{"rendered":"\n<p><strong>Billig flyttst\u00e4dning med l\u00e5ng garanti i Kalmar<\/strong><\/p>\n\n\n\n<p>V\u00e5r st\u00e4dfirma utf\u00f6r\u00a0<strong>billiga flyttst\u00e4dningar<\/strong>\u00a0med f\u00f6rm\u00e5nlig\u00a0<strong>garanti<\/strong>\u00a0i<strong>\u00a0Kalmar.<\/strong>\u00a0P\u00e5 v\u00e5r hemsida kan du f\u00e5 mer information om vad flyttst\u00e4dning inneb\u00e4r och vilka v\u00e5ra priser \u00e4r. Om du \u00e4r os\u00e4ker p\u00e5 om det h\u00e4r med att anlita en st\u00e4dfirma \u00e4r n\u00e5got f\u00f6r dig ger vi dig n\u00e5gra starka sk\u00e4l som vi tror ska \u00f6vertyga dig:<\/p>\n\n\n\n<blockquote class=\"wp-block-quote is-layout-flow wp-block-quote-is-layout-flow\"><p>Anlita oss och du sparar tid, pengar och du f\u00e5r det perfekt st\u00e4dat!<\/p><\/blockquote>\n\n\n\n<ul class=\"wp-block-list\"><li><strong>Du sparar tid och energi.<\/strong>\u00a0Ofta \u00e4r det stressigt att flytta och det \u00e4r mycket man ska t\u00e4nka p\u00e5. Det ska packas, planeras och st\u00e4das. Du kanske inte hinner med allt du vill g\u00f6ra. Om du anlitar oss kan vi avlasta dig med \u00e5tminstone en del av flyttningen \u2013 st\u00e4dningen. Det \u00e4r slitsamt att flyttst\u00e4da. Det ska skrubbas, torkas och dammas av s\u00e5 att ditt hem blir skinande rent och som nytt. Vi fixar detta \u00e5t dig! Anv\u00e4nd din tid och energi p\u00e5 att f\u00e5 ordning i det nya hemmet ist\u00e4llet. \u00a0<em><br><\/em><\/li><li><strong>Vi kan flyttst\u00e4dning.<\/strong>\u00a0Det st\u00e4lls h\u00f6ga krav p\u00e5 flyttst\u00e4dningen, mycket h\u00f6gre krav \u00e4n p\u00e5 en vanlig hemst\u00e4dning. Det ska st\u00e4das s\u00e5 rent att det k\u00e4nns som att l\u00e4genheten eller huset \u00e4r nybyggt. Vi har stor erfarenhet av att flyttst\u00e4da, vi vet vilka krav som st\u00e4lls f\u00f6r att st\u00e4dningen ska bli godk\u00e4nd av petiga hyresv\u00e4rdar. Om du anlitar oss beh\u00f6ver du inte oroa dig f\u00f6r att st\u00e4dningen inte g\u00e5r igenom vid besiktningen. Om det \u00e4nd\u00e5 skulle vara s\u00e5 att st\u00e4dningen inte blir godk\u00e4nd av n\u00e5gon anledning har vi en f\u00f6rm\u00e5nlig\u00a0<strong>n\u00f6jd-kund-garanti<\/strong>\u00a0s\u00e5 att vi \u00e5tg\u00e4rdar eventuella fel snarast och utan extra kostnad.<br><\/li><li><strong>Vi \u00e4r billiga.<\/strong>\u00a0Trots att vi st\u00e4dar mycket professionellt och effektivt \u00e4r v\u00e5ra priser mycket l\u00e5ga. Inte nog med att v\u00e5ra priser \u00e4r billiga, de \u00e4r fasta ocks\u00e5. Vi tar betalt efter ytan och inte efter arbetad tid. Du slipper oroa dig \u00f6ver att f\u00e5 en skyh\u00f6g r\u00e4kning n\u00e4r fakturan dimper ner i brevl\u00e5dan. Dessutom kan du f\u00e5\u00a0<strong>50 % rabatt<\/strong>\u00a0p\u00e5 v\u00e5ra billiga priser med hj\u00e4lp av det s\u00e5 kallade\u00a0<strong>RUT-avdraget<\/strong>.<\/li><\/ul>\n\n\n\n<p>Vill du veta mer? Du \u00e4r v\u00e4lkommen att\u00a0<strong>ringa 073-6379908<\/strong>\u00a0eller maila oss p\u00e5<a href=\"mailto:fstadning@gmail.com\">\u00a0<strong>info@flyttst\u00e4dning-kalmar.se<\/strong><\/a>.<\/p>\n\n\n\n<p><strong>Vi besvarar inkommande mail inom 24 timmar alla dagar i veckan \u00e5ret runt!<\/strong><\/p>\n","protected":false},"excerpt":{"rendered":"<p>Billig flyttst\u00e4dning med l\u00e5ng garanti i Kalmar V\u00e5r st\u00e4dfirma utf\u00f6r\u00a0billiga flyttst\u00e4dningar\u00a0med f\u00f6rm\u00e5nlig\u00a0garanti\u00a0i\u00a0Kalmar.\u00a0P\u00e5 v\u00e5r hemsida kan du f\u00e5 mer information om vad flyttst\u00e4dning inneb\u00e4r och vilka v\u00e5ra priser \u00e4r. Om du \u00e4r os\u00e4ker p\u00e5 om det h\u00e4r med att anlita en st\u00e4dfirma \u00e4r n\u00e5got f\u00f6r dig ger vi dig n\u00e5gra starka sk\u00e4l som vi tror ska &hellip; <\/p>\n<p class=\"link-more\"><a href=\"https:\/\/xn--flyttstdning-kalmar-mwb.se\/\" class=\"more-link\">Continue reading<span class=\"screen-reader-text\"> &#8220;Flyttst\u00e4dning Kalmar&#8221;<\/span><\/a><\/p>\n","protected":false},"author":1,"featured_media":0,"parent":0,"menu_order":0,"comment_status":"closed","ping_status":"closed","template":"","meta":{"footnotes":""},"class_list":["post-15","page","type-page","status-publish","hentry"],"yoast_head":"<!-- This site is optimized with the Yoast SEO plugin v23.6 - https:\/\/yoast.com\/wordpress\/plugins\/seo\/ -->\n<title>Flyttst\u00e4dning Kalmar - Flyttst\u00e4dning Kalmar<\/title>\n<meta name=\"robots\" content=\"index, follow, max-snippet:-1, max-image-preview:large, max-video-preview:-1\" \/>\n<link rel=\"canonical\" href=\"https:\/\/xn--flyttstdning-kalmar-mwb.se\/\" \/>\n<meta property=\"og:locale\" content=\"en_US\" \/>\n<meta property=\"og:type\" content=\"article\" \/>\n<meta property=\"og:title\" content=\"Flyttst\u00e4dning Kalmar - Flyttst\u00e4dning Kalmar\" \/>\n<meta property=\"og:description\" content=\"Billig flyttst\u00e4dning med l\u00e5ng garanti i Kalmar V\u00e5r st\u00e4dfirma utf\u00f6r\u00a0billiga flyttst\u00e4dningar\u00a0med f\u00f6rm\u00e5nlig\u00a0garanti\u00a0i\u00a0Kalmar.\u00a0P\u00e5 v\u00e5r hemsida kan du f\u00e5 mer information om vad flyttst\u00e4dning inneb\u00e4r och vilka v\u00e5ra priser \u00e4r. Om du \u00e4r os\u00e4ker p\u00e5 om det h\u00e4r med att anlita en st\u00e4dfirma \u00e4r n\u00e5got f\u00f6r dig ger vi dig n\u00e5gra starka sk\u00e4l som vi tror ska &hellip; Continue reading &quot;Flyttst\u00e4dning Kalmar&quot;\" \/>\n<meta property=\"og:url\" content=\"https:\/\/xn--flyttstdning-kalmar-mwb.se\/\" \/>\n<meta property=\"og:site_name\" content=\"Flyttst\u00e4dning Kalmar\" \/>\n<meta property=\"article:modified_time\" content=\"2020-02-25T10:19:48+00:00\" \/>\n<meta name=\"twitter:card\" content=\"summary_large_image\" \/>\n<meta name=\"twitter:label1\" content=\"Est. reading time\" \/>\n\t<meta name=\"twitter:data1\" content=\"2 minutes\" \/>\n<script type=\"application\/ld+json\" class=\"yoast-schema-graph\">{\"@context\":\"https:\/\/schema.org\",\"@graph\":[{\"@type\":\"WebPage\",\"@id\":\"https:\/\/xn--flyttstdning-kalmar-mwb.se\/\",\"url\":\"https:\/\/xn--flyttstdning-kalmar-mwb.se\/\",\"name\":\"Flyttst\u00e4dning Kalmar - Flyttst\u00e4dning Kalmar\",\"isPartOf\":{\"@id\":\"https:\/\/xn--flyttstdning-kalmar-mwb.se\/#website\"},\"datePublished\":\"2020-02-25T10:19:47+00:00\",\"dateModified\":\"2020-02-25T10:19:48+00:00\",\"breadcrumb\":{\"@id\":\"https:\/\/xn--flyttstdning-kalmar-mwb.se\/#breadcrumb\"},\"inLanguage\":\"en-US\",\"potentialAction\":[{\"@type\":\"ReadAction\",\"target\":[\"https:\/\/xn--flyttstdning-kalmar-mwb.se\/\"]}]},{\"@type\":\"BreadcrumbList\",\"@id\":\"https:\/\/xn--flyttstdning-kalmar-mwb.se\/#breadcrumb\",\"itemListElement\":[{\"@type\":\"ListItem\",\"position\":1,\"name\":\"Home\",\"item\":\"https:\/\/xn--flyttstdning-kalmar-mwb.se\/\"},{\"@type\":\"ListItem\",\"position\":2,\"name\":\"Flyttst\u00e4dning Kalmar\"}]},{\"@type\":\"WebSite\",\"@id\":\"https:\/\/xn--flyttstdning-kalmar-mwb.se\/#website\",\"url\":\"https:\/\/xn--flyttstdning-kalmar-mwb.se\/\",\"name\":\"Flyttst\u00e4dning Kalmar\",\"description\":\"Skinande st\u00e4dning till l\u00e5gt pris\",\"potentialAction\":[{\"@type\":\"SearchAction\",\"target\":{\"@type\":\"EntryPoint\",\"urlTemplate\":\"https:\/\/xn--flyttstdning-kalmar-mwb.se\/?s={search_term_string}\"},\"query-input\":{\"@type\":\"PropertyValueSpecification\",\"valueRequired\":true,\"valueName\":\"search_term_string\"}}],\"inLanguage\":\"en-US\"}]}<\/script>\n<!-- \/ Yoast SEO plugin. -->","yoast_head_json":{"title":"Flyttst\u00e4dning Kalmar - Flyttst\u00e4dning Kalmar","robots":{"index":"index","follow":"follow","max-snippet":"max-snippet:-1","max-image-preview":"max-image-preview:large","max-video-preview":"max-video-preview:-1"},"canonical":"https:\/\/xn--flyttstdning-kalmar-mwb.se\/","og_locale":"en_US","og_type":"article","og_title":"Flyttst\u00e4dning Kalmar - Flyttst\u00e4dning Kalmar","og_description":"Billig flyttst\u00e4dning med l\u00e5ng garanti i Kalmar V\u00e5r st\u00e4dfirma utf\u00f6r\u00a0billiga flyttst\u00e4dningar\u00a0med f\u00f6rm\u00e5nlig\u00a0garanti\u00a0i\u00a0Kalmar.\u00a0P\u00e5 v\u00e5r hemsida kan du f\u00e5 mer information om vad flyttst\u00e4dning inneb\u00e4r och vilka v\u00e5ra priser \u00e4r. Om du \u00e4r os\u00e4ker p\u00e5 om det h\u00e4r med att anlita en st\u00e4dfirma \u00e4r n\u00e5got f\u00f6r dig ger vi dig n\u00e5gra starka sk\u00e4l som vi tror ska &hellip; Continue reading \"Flyttst\u00e4dning Kalmar\"","og_url":"https:\/\/xn--flyttstdning-kalmar-mwb.se\/","og_site_name":"Flyttst\u00e4dning Kalmar","article_modified_time":"2020-02-25T10:19:48+00:00","twitter_card":"summary_large_image","twitter_misc":{"Est. reading time":"2 minutes"},"schema":{"@context":"https:\/\/schema.org","@graph":[{"@type":"WebPage","@id":"https:\/\/xn--flyttstdning-kalmar-mwb.se\/","url":"https:\/\/xn--flyttstdning-kalmar-mwb.se\/","name":"Flyttst\u00e4dning Kalmar - Flyttst\u00e4dning Kalmar","isPartOf":{"@id":"https:\/\/xn--flyttstdning-kalmar-mwb.se\/#website"},"datePublished":"2020-02-25T10:19:47+00:00","dateModified":"2020-02-25T10:19:48+00:00","breadcrumb":{"@id":"https:\/\/xn--flyttstdning-kalmar-mwb.se\/#breadcrumb"},"inLanguage":"en-US","potentialAction":[{"@type":"ReadAction","target":["https:\/\/xn--flyttstdning-kalmar-mwb.se\/"]}]},{"@type":"BreadcrumbList","@id":"https:\/\/xn--flyttstdning-kalmar-mwb.se\/#breadcrumb","itemListElement":[{"@type":"ListItem","position":1,"name":"Home","item":"https:\/\/xn--flyttstdning-kalmar-mwb.se\/"},{"@type":"ListItem","position":2,"name":"Flyttst\u00e4dning Kalmar"}]},{"@type":"WebSite","@id":"https:\/\/xn--flyttstdning-kalmar-mwb.se\/#website","url":"https:\/\/xn--flyttstdning-kalmar-mwb.se\/","name":"Flyttst\u00e4dning Kalmar","description":"Skinande st\u00e4dning till l\u00e5gt pris","potentialAction":[{"@type":"SearchAction","target":{"@type":"EntryPoint","urlTemplate":"https:\/\/xn--flyttstdning-kalmar-mwb.se\/?s={search_term_string}"},"query-input":{"@type":"PropertyValueSpecification","valueRequired":true,"valueName":"search_term_string"}}],"inLanguage":"en-US"}]}},"_links":{"self":[{"href":"https:\/\/xn--flyttstdning-kalmar-mwb.se\/index.php?rest_route=\/wp\/v2\/pages\/15"}],"collection":[{"href":"https:\/\/xn--flyttstdning-kalmar-mwb.se\/index.php?rest_route=\/wp\/v2\/pages"}],"about":[{"href":"https:\/\/xn--flyttstdning-kalmar-mwb.se\/index.php?rest_route=\/wp\/v2\/types\/page"}],"author":[{"embeddable":true,"href":"https:\/\/xn--flyttstdning-kalmar-mwb.se\/index.php?rest_route=\/wp\/v2\/users\/1"}],"replies":[{"embeddable":true,"href":"https:\/\/xn--flyttstdning-kalmar-mwb.se\/index.php?rest_route=%2Fwp%2Fv2%2Fcomments&post=15"}],"version-history":[{"count":1,"href":"https:\/\/xn--flyttstdning-kalmar-mwb.se\/index.php?rest_route=\/wp\/v2\/pages\/15\/revisions"}],"predecessor-version":[{"id":16,"href":"https:\/\/xn--flyttstdning-kalmar-mwb.se\/index.php?rest_route=\/wp\/v2\/pages\/15\/revisions\/16"}],"wp:attachment":[{"href":"https:\/\/xn--flyttstdning-kalmar-mwb.se\/index.php?rest_route=%2Fwp%2Fv2%2Fmedia&parent=15"}],"curies":[{"name":"wp","href":"https:\/\/api.w.org\/{rel}","templated":true}]}}