{"id":17,"date":"2020-02-25T11:20:47","date_gmt":"2020-02-25T10:20:47","guid":{"rendered":"https:\/\/xn--flyttstdning-kalmar-mwb.se\/?page_id=17"},"modified":"2020-02-25T11:20:47","modified_gmt":"2020-02-25T10:20:47","slug":"detta-ingar-i-flyttstadningen","status":"publish","type":"page","link":"https:\/\/xn--flyttstdning-kalmar-mwb.se\/?page_id=17","title":{"rendered":"Detta ing\u00e5r i flyttst\u00e4dningen"},"content":{"rendered":"\n<h3 class=\"wp-block-heading\">Vad ing\u00e5r i flyttst\u00e4dningen?<\/h3>\n\n\n\n<h4 class=\"wp-block-heading\">I v\u00e5r flyttst\u00e4dning ing\u00e5r f\u00f6ljande tj\u00e4nster:<\/h4>\n\n\n\n<p><strong>Allm\u00e4nt<\/strong><\/p>\n\n\n\n<ul class=\"wp-block-list\"><li>Dammsugning och v\u00e5ttorkning av golv<\/li><li>Damning av v\u00e4ggar vid behov. Fl\u00e4ckar tas bort om det inte finns risk att tapeten skadas.<\/li><li>Lister, eluttag, str\u00f6mbrytare torkas av<\/li><li>D\u00f6rrkarmar, d\u00f6rrhandtag, tr\u00f6sklar och d\u00f6rrar torkas av<\/li><li>F\u00f6nsterputsning, in- och utv\u00e4ndigt samt mellan inner- och ytterglas.<\/li><li>Reng\u00f6ring av f\u00f6nsterkarmar<\/li><li>Avtorkning av garderober och sk\u00e5p \u2013 och in- och utv\u00e4ndigt (samt ovanp\u00e5)<\/li><li>Element reng\u00f6rs p\u00e5 och bakom (vi skruvar&nbsp;ej&nbsp;av elementen) samt mellan (om \u00e5tkomligt)<\/li><li>Fast belysning torkas av<\/li><\/ul>\n\n\n\n<p><strong>K\u00f6k<\/strong><\/p>\n\n\n\n<ul class=\"wp-block-list\"><li>Reng\u00f6ring av spis in- och utv\u00e4ndigt samt bakom. Galler och pl\u00e5tar diskas.&nbsp;<em>Om ni har en ugn som har pyrolysemalj inuti s\u00e5 vill vi att ni informerar om detta vid bokning.&nbsp;<\/em>Detta eftersom man ej kan anv\u00e4nda vanlig ungsreng\u00f6ring utan m\u00e5ste anv\u00e4nda specialmedel. Ugnsluckans glas reng\u00f6rs in- och utv\u00e4ndigt \u2013 mellan glasen reng\u00f6r vi endast om ni skruvat is\u00e4r luckan \u00e5t oss och vi skruvar inte ihop den efter\u00e5t.<\/li><li>Reng\u00f6ring av kyl och frys in-, utv\u00e4ndigt och bakom (om \u00e5tkomligt). Kylen och frysen ska vara avfrostade och avst\u00e4ngda n\u00e4r vi kommer!<\/li><li>K\u00f6ksfl\u00e4kt och k\u00e5pa reng\u00f6rs, filter diskas<\/li><li>Diskb\u00e4nk, vask och arbetsb\u00e4nkar reng\u00f6rs<\/li><li>Diskmaskin reng\u00f6rs in- och utv\u00e4ndigt (inte bakom), filter rensas<\/li><li>Sk\u00e5pluckor torkas av, sk\u00e5p och l\u00e5dor torkas ur in- och utv\u00e4ndigt<\/li><li>Kakelv\u00e4ggar torkas av<\/li><\/ul>\n\n\n\n<p><strong>Badrum och toalett<\/strong><\/p>\n\n\n\n<ul class=\"wp-block-list\"><li>Tv\u00e4ttst\u00e4ll reng\u00f6rs p\u00e5 alla sidor<\/li><li>Badrumssk\u00e5p reng\u00f6rs in- och utv\u00e4ndigt samt ovanp\u00e5<\/li><li>Alla synliga r\u00f6r torkas av<\/li><li>Toalettstol reng\u00f6rs in- och utv\u00e4ndigt, samt kalkas av vid behov<\/li><li>Golvbrunn rensas<\/li><li>Reng\u00f6ring av hela golvet<\/li><li>Reng\u00f6ring av badkar \/ dusch p\u00e5 utsidan och insidan samt under (om \u00e5tkomligt). Badkarsfront demonteras \/ monteras av kund<\/li><li>Kakelv\u00e4ggar tv\u00e4ttas av<\/li><\/ul>\n\n\n\n<p><strong>\u00d6vrigt<\/strong><\/p>\n\n\n\n<ul class=\"wp-block-list\"><li>Tv\u00e4ttmaskin och torktumlare reng\u00f6rs. Filter rensas.<\/li><\/ul>\n\n\n\n<h3 class=\"wp-block-heading\">Extra \u2013 biytor<\/h3>\n\n\n\n<p>Om ni vill att vi utf\u00f6r n\u00e5got ut\u00f6ver ovanst\u00e5ende, s\u00e5som st\u00e4dning av balkong, k\u00e4llare eller vind, kan vi sj\u00e4lvklart g\u00f6ra det till en extra kostnad.<\/p>\n\n\n\n<h4 class=\"wp-block-heading\">Exempel:<\/h4>\n\n\n\n<p><strong>F\u00f6rr\u00e5d<\/strong><\/p>\n\n\n\n<ul class=\"wp-block-list\"><li>Sopning och v\u00e5ttorkning av golv<\/li><li>Avtorkning av hyllor<\/li><li>Putsning av f\u00f6nster<\/li><\/ul>\n\n\n\n<p><strong>Balkong<\/strong><\/p>\n\n\n\n<ul class=\"wp-block-list\"><li>Sopning av golv (vi lyfter ej p\u00e5 trallor eller p\u00e5lagda golv)<\/li><li>Avtorkning av r\u00e4cke<\/li><li>Eventuellt glas putsas till extra kostnad<\/li><\/ul>\n\n\n\n<h3 class=\"wp-block-heading\">Observera<\/h3>\n\n\n\n<p>Vi reng\u00f6r inte bakom tunga maskiner s\u00e5som diskmaskin, tv\u00e4ttmaskin eller torktumlare p g a risk f\u00f6r skador p\u00e5 golv, maskiner, slangar eller dylikt.<\/p>\n\n\n\n<p>Vi drar inte fram kyl\/frys och spis om det finns risk att vi g\u00f6r m\u00e4rken p\u00e5 k\u00e4nsliga golv. Om ni vill ha rengjort bakom och under p\u00e5 dessa ytor kan vi hj\u00e4lpa er med att dra ut dem men vi tar inte ansvar f\u00f6r m\u00f6jliga skador i s\u00e5dana fall.<\/p>\n\n\n\n<p>F\u00f6nsterrutor kommer inte att tv\u00e4ttas utv\u00e4ndigt vid minusgrader. F\u00f6nster putsas mellan under f\u00f6ruts\u00e4ttning att de \u00e4r l\u00e4tt\u00e5tkomliga, l\u00e4tta att \u00f6ppna och vi inte riskerar att skada f\u00e4rgen eller rutorna genom att \u00f6ppna dem. Utsidan&nbsp;putsas i den m\u00e5n personalen kan komma \u00e5t utan problem.<\/p>\n\n\n\n<p>V\u00e4ggar reng\u00f6rs i regel enbart med dammtorkning. Vatten \u00e4r vi v\u00e4ldigt sparsamma med att anv\u00e4nda p\u00e5 v\u00e4ggar, eftersom tapeter eller f\u00e4rg kan f\u00f6rst\u00f6ras.<\/p>\n\n\n\n<h3 class=\"wp-block-heading\"><strong>Detta ing\u00e5r EJ i flyttst\u00e4dningen:<\/strong><\/h3>\n\n\n\n<ul class=\"wp-block-list\"><li>Reng\u00f6ring av persienner<\/li><li>Borttagning av tavelkrokar eller andra spikar\/skruvar i v\u00e4gg\/andra ytor<\/li><li>Borttag av olika typer av tejp, klisterm\u00e4rken etc.<\/li><li>Borttag av hyllpapper i sk\u00e5p\/l\u00e5dor\/garderober<\/li><li>Reng\u00f6ring av \u00f6verl\u00e5tna f\u00f6rvaringsm\u00f6bler till n\u00e4sta boende<\/li><li>Reng\u00f6ring bakom eller under \u00f6verl\u00e5tna f\u00f6rvaringsm\u00f6bler. Vi st\u00e4dar runt om dessa. St\u00e4ll dem g\u00e4rna i mitten av rummet i s\u00e5 fall s\u00e5 att vi kan komma \u00e5t och reng\u00f6ra golvlister. Vi kan i vissa fall flytta p\u00e5 m\u00f6bler f\u00f6r att st\u00e4da bakom eller under till en extra kostnad. Kontakta oss f\u00f6r att f\u00e5 ett pris om du \u00f6nskar detta.<\/li><li>Hantverksm\u00e4ssiga arbeten<\/li><li>Reng\u00f6ring av kakelfogar i hela badrum\/toa<\/li><li>Reng\u00f6ring av vattenl\u00e5s<\/li><\/ul>\n","protected":false},"excerpt":{"rendered":"<p>Vad ing\u00e5r i flyttst\u00e4dningen? I v\u00e5r flyttst\u00e4dning ing\u00e5r f\u00f6ljande tj\u00e4nster: Allm\u00e4nt Dammsugning och v\u00e5ttorkning av golv Damning av v\u00e4ggar vid behov. Fl\u00e4ckar tas bort om det inte finns risk att tapeten skadas. Lister, eluttag, str\u00f6mbrytare torkas av D\u00f6rrkarmar, d\u00f6rrhandtag, tr\u00f6sklar och d\u00f6rrar torkas av F\u00f6nsterputsning, in- och utv\u00e4ndigt samt mellan inner- och ytterglas. Reng\u00f6ring av &hellip; <\/p>\n<p class=\"link-more\"><a href=\"https:\/\/xn--flyttstdning-kalmar-mwb.se\/?page_id=17\" class=\"more-link\">Continue reading<span class=\"screen-reader-text\"> &#8220;Detta ing\u00e5r i flyttst\u00e4dningen&#8221;<\/span><\/a><\/p>\n","protected":false},"author":1,"featured_media":0,"parent":0,"menu_order":0,"comment_status":"closed","ping_status":"closed","template":"","meta":{"footnotes":""},"class_list":["post-17","page","type-page","status-publish","hentry"],"yoast_head":"<!-- This site is optimized with the Yoast SEO plugin v23.6 - https:\/\/yoast.com\/wordpress\/plugins\/seo\/ -->\n<title>Detta ing\u00e5r i flyttst\u00e4dningen - Flyttst\u00e4dning Kalmar<\/title>\n<meta name=\"robots\" content=\"index, follow, max-snippet:-1, max-image-preview:large, max-video-preview:-1\" \/>\n<link rel=\"canonical\" href=\"https:\/\/xn--flyttstdning-kalmar-mwb.se\/?page_id=17\" \/>\n<meta property=\"og:locale\" content=\"en_US\" \/>\n<meta property=\"og:type\" content=\"article\" \/>\n<meta property=\"og:title\" content=\"Detta ing\u00e5r i flyttst\u00e4dningen - Flyttst\u00e4dning Kalmar\" \/>\n<meta property=\"og:description\" content=\"Vad ing\u00e5r i flyttst\u00e4dningen? I v\u00e5r flyttst\u00e4dning ing\u00e5r f\u00f6ljande tj\u00e4nster: Allm\u00e4nt Dammsugning och v\u00e5ttorkning av golv Damning av v\u00e4ggar vid behov. Fl\u00e4ckar tas bort om det inte finns risk att tapeten skadas. Lister, eluttag, str\u00f6mbrytare torkas av D\u00f6rrkarmar, d\u00f6rrhandtag, tr\u00f6sklar och d\u00f6rrar torkas av F\u00f6nsterputsning, in- och utv\u00e4ndigt samt mellan inner- och ytterglas. Reng\u00f6ring av &hellip; Continue reading &quot;Detta ing\u00e5r i flyttst\u00e4dningen&quot;\" \/>\n<meta property=\"og:url\" content=\"https:\/\/xn--flyttstdning-kalmar-mwb.se\/?page_id=17\" \/>\n<meta property=\"og:site_name\" content=\"Flyttst\u00e4dning Kalmar\" \/>\n<meta name=\"twitter:card\" content=\"summary_large_image\" \/>\n<meta name=\"twitter:label1\" content=\"Est. reading time\" \/>\n\t<meta name=\"twitter:data1\" content=\"4 minutes\" \/>\n<script type=\"application\/ld+json\" class=\"yoast-schema-graph\">{\"@context\":\"https:\/\/schema.org\",\"@graph\":[{\"@type\":\"WebPage\",\"@id\":\"https:\/\/xn--flyttstdning-kalmar-mwb.se\/?page_id=17\",\"url\":\"https:\/\/xn--flyttstdning-kalmar-mwb.se\/?page_id=17\",\"name\":\"Detta ing\u00e5r i flyttst\u00e4dningen - Flyttst\u00e4dning Kalmar\",\"isPartOf\":{\"@id\":\"https:\/\/xn--flyttstdning-kalmar-mwb.se\/#website\"},\"datePublished\":\"2020-02-25T10:20:47+00:00\",\"dateModified\":\"2020-02-25T10:20:47+00:00\",\"breadcrumb\":{\"@id\":\"https:\/\/xn--flyttstdning-kalmar-mwb.se\/?page_id=17#breadcrumb\"},\"inLanguage\":\"en-US\",\"potentialAction\":[{\"@type\":\"ReadAction\",\"target\":[\"https:\/\/xn--flyttstdning-kalmar-mwb.se\/?page_id=17\"]}]},{\"@type\":\"BreadcrumbList\",\"@id\":\"https:\/\/xn--flyttstdning-kalmar-mwb.se\/?page_id=17#breadcrumb\",\"itemListElement\":[{\"@type\":\"ListItem\",\"position\":1,\"name\":\"Home\",\"item\":\"https:\/\/xn--flyttstdning-kalmar-mwb.se\/\"},{\"@type\":\"ListItem\",\"position\":2,\"name\":\"Detta ing\u00e5r i flyttst\u00e4dningen\"}]},{\"@type\":\"WebSite\",\"@id\":\"https:\/\/xn--flyttstdning-kalmar-mwb.se\/#website\",\"url\":\"https:\/\/xn--flyttstdning-kalmar-mwb.se\/\",\"name\":\"Flyttst\u00e4dning Kalmar\",\"description\":\"Skinande st\u00e4dning till l\u00e5gt pris\",\"potentialAction\":[{\"@type\":\"SearchAction\",\"target\":{\"@type\":\"EntryPoint\",\"urlTemplate\":\"https:\/\/xn--flyttstdning-kalmar-mwb.se\/?s={search_term_string}\"},\"query-input\":{\"@type\":\"PropertyValueSpecification\",\"valueRequired\":true,\"valueName\":\"search_term_string\"}}],\"inLanguage\":\"en-US\"}]}<\/script>\n<!-- \/ Yoast SEO plugin. -->","yoast_head_json":{"title":"Detta ing\u00e5r i flyttst\u00e4dningen - Flyttst\u00e4dning Kalmar","robots":{"index":"index","follow":"follow","max-snippet":"max-snippet:-1","max-image-preview":"max-image-preview:large","max-video-preview":"max-video-preview:-1"},"canonical":"https:\/\/xn--flyttstdning-kalmar-mwb.se\/?page_id=17","og_locale":"en_US","og_type":"article","og_title":"Detta ing\u00e5r i flyttst\u00e4dningen - Flyttst\u00e4dning Kalmar","og_description":"Vad ing\u00e5r i flyttst\u00e4dningen? I v\u00e5r flyttst\u00e4dning ing\u00e5r f\u00f6ljande tj\u00e4nster: Allm\u00e4nt Dammsugning och v\u00e5ttorkning av golv Damning av v\u00e4ggar vid behov. Fl\u00e4ckar tas bort om det inte finns risk att tapeten skadas. Lister, eluttag, str\u00f6mbrytare torkas av D\u00f6rrkarmar, d\u00f6rrhandtag, tr\u00f6sklar och d\u00f6rrar torkas av F\u00f6nsterputsning, in- och utv\u00e4ndigt samt mellan inner- och ytterglas. Reng\u00f6ring av &hellip; Continue reading \"Detta ing\u00e5r i flyttst\u00e4dningen\"","og_url":"https:\/\/xn--flyttstdning-kalmar-mwb.se\/?page_id=17","og_site_name":"Flyttst\u00e4dning Kalmar","twitter_card":"summary_large_image","twitter_misc":{"Est. reading time":"4 minutes"},"schema":{"@context":"https:\/\/schema.org","@graph":[{"@type":"WebPage","@id":"https:\/\/xn--flyttstdning-kalmar-mwb.se\/?page_id=17","url":"https:\/\/xn--flyttstdning-kalmar-mwb.se\/?page_id=17","name":"Detta ing\u00e5r i flyttst\u00e4dningen - Flyttst\u00e4dning Kalmar","isPartOf":{"@id":"https:\/\/xn--flyttstdning-kalmar-mwb.se\/#website"},"datePublished":"2020-02-25T10:20:47+00:00","dateModified":"2020-02-25T10:20:47+00:00","breadcrumb":{"@id":"https:\/\/xn--flyttstdning-kalmar-mwb.se\/?page_id=17#breadcrumb"},"inLanguage":"en-US","potentialAction":[{"@type":"ReadAction","target":["https:\/\/xn--flyttstdning-kalmar-mwb.se\/?page_id=17"]}]},{"@type":"BreadcrumbList","@id":"https:\/\/xn--flyttstdning-kalmar-mwb.se\/?page_id=17#breadcrumb","itemListElement":[{"@type":"ListItem","position":1,"name":"Home","item":"https:\/\/xn--flyttstdning-kalmar-mwb.se\/"},{"@type":"ListItem","position":2,"name":"Detta ing\u00e5r i flyttst\u00e4dningen"}]},{"@type":"WebSite","@id":"https:\/\/xn--flyttstdning-kalmar-mwb.se\/#website","url":"https:\/\/xn--flyttstdning-kalmar-mwb.se\/","name":"Flyttst\u00e4dning Kalmar","description":"Skinande st\u00e4dning till l\u00e5gt pris","potentialAction":[{"@type":"SearchAction","target":{"@type":"EntryPoint","urlTemplate":"https:\/\/xn--flyttstdning-kalmar-mwb.se\/?s={search_term_string}"},"query-input":{"@type":"PropertyValueSpecification","valueRequired":true,"valueName":"search_term_string"}}],"inLanguage":"en-US"}]}},"_links":{"self":[{"href":"https:\/\/xn--flyttstdning-kalmar-mwb.se\/index.php?rest_route=\/wp\/v2\/pages\/17"}],"collection":[{"href":"https:\/\/xn--flyttstdning-kalmar-mwb.se\/index.php?rest_route=\/wp\/v2\/pages"}],"about":[{"href":"https:\/\/xn--flyttstdning-kalmar-mwb.se\/index.php?rest_route=\/wp\/v2\/types\/page"}],"author":[{"embeddable":true,"href":"https:\/\/xn--flyttstdning-kalmar-mwb.se\/index.php?rest_route=\/wp\/v2\/users\/1"}],"replies":[{"embeddable":true,"href":"https:\/\/xn--flyttstdning-kalmar-mwb.se\/index.php?rest_route=%2Fwp%2Fv2%2Fcomments&post=17"}],"version-history":[{"count":1,"href":"https:\/\/xn--flyttstdning-kalmar-mwb.se\/index.php?rest_route=\/wp\/v2\/pages\/17\/revisions"}],"predecessor-version":[{"id":18,"href":"https:\/\/xn--flyttstdning-kalmar-mwb.se\/index.php?rest_route=\/wp\/v2\/pages\/17\/revisions\/18"}],"wp:attachment":[{"href":"https:\/\/xn--flyttstdning-kalmar-mwb.se\/index.php?rest_route=%2Fwp%2Fv2%2Fmedia&parent=17"}],"curies":[{"name":"wp","href":"https:\/\/api.w.org\/{rel}","templated":true}]}}