{"id":19,"date":"2020-02-25T11:22:10","date_gmt":"2020-02-25T10:22:10","guid":{"rendered":"https:\/\/xn--flyttstdning-kalmar-mwb.se\/?page_id=19"},"modified":"2023-01-10T11:46:34","modified_gmt":"2023-01-10T10:46:34","slug":"om-oss","status":"publish","type":"page","link":"https:\/\/xn--flyttstdning-kalmar-mwb.se\/?page_id=19","title":{"rendered":"Om oss"},"content":{"rendered":"\n<h3 class=\"wp-block-heading\">Vilka \u00e4r vi?<\/h3>\n\n\n\n<p>V\u00e5r&nbsp;<strong>st\u00e4dfirma Flyttst\u00e4dning <\/strong>Kalmar&nbsp;best\u00e5r av ett antal personer som alla har l\u00e5ng erfarenhet av flyttst\u00e4dning. Vi \u00e4r punktliga. Vi utf\u00f6r alla uppdrag inom beg\u00e4rd tid. Vi \u00e4r drogfria, sk\u00f6tsamma och sj\u00e4lvklart \u00e4ven hederliga.<\/p>\n\n\n\n<p>Sj\u00e4lvklart \u00e4r vi godk\u00e4nda f\u00f6r F-skatt och \u00e4r f\u00f6rs\u00e4krade vid L\u00e4nsf\u00f6rs\u00e4kringar f\u00f6r eventuella skador hos kund p\u00e5 upp till tio miljoner kronor. Vi betalar \u00e4ven f\u00f6rs\u00e4kringar f\u00f6r v\u00e5r personal ifall de skulle r\u00e5ka skada sig under arbetstid.<\/p>\n\n\n\n<p>Vi efterstr\u00e4var att h\u00e5lla en s\u00e5 god kvalit\u00e9 som m\u00f6jlighet p\u00e5 st\u00e4dningen. Kundens \u00f6nskem\u00e5l \u00e4r grundl\u00e4ggande f\u00f6r hur vi arbetar och vi str\u00e4var alltid efter att g\u00f6ra kunden n\u00f6jd.&nbsp;<strong>Vi garanterar att du som kund alltid \u00e4r helt n\u00f6jd med v\u00e5ra tj\u00e4nster, annars kompenserar vi dig s\u00e5 att du blir n\u00f6jd.<\/strong>&nbsp;Vi utreder noggrant eventuella reklamationer, dokumenterar och utv\u00e4rderar dem s\u00e5 att vi l\u00e4r oss inf\u00f6r framtiden.<\/p>\n\n\n\n<p><em>Info:<\/em><br><strong>Flyttst\u00e4dning <\/strong>Kalmar<br>Kanngjutarv\u00e4gen 5<br>393 65 KALMAR<br>Tel: 073-6379908<br>Organisationsnr: 559241-9229<\/p>\n","protected":false},"excerpt":{"rendered":"<p>Vilka \u00e4r vi? V\u00e5r&nbsp;st\u00e4dfirma Flyttst\u00e4dning Kalmar&nbsp;best\u00e5r av ett antal personer som alla har l\u00e5ng erfarenhet av flyttst\u00e4dning. Vi \u00e4r punktliga. Vi utf\u00f6r alla uppdrag inom beg\u00e4rd tid. Vi \u00e4r drogfria, sk\u00f6tsamma och sj\u00e4lvklart \u00e4ven hederliga. Sj\u00e4lvklart \u00e4r vi godk\u00e4nda f\u00f6r F-skatt och \u00e4r f\u00f6rs\u00e4krade vid L\u00e4nsf\u00f6rs\u00e4kringar f\u00f6r eventuella skador hos kund p\u00e5 upp till tio &hellip; <\/p>\n<p class=\"link-more\"><a href=\"https:\/\/xn--flyttstdning-kalmar-mwb.se\/?page_id=19\" class=\"more-link\">Continue reading<span class=\"screen-reader-text\"> &#8220;Om oss&#8221;<\/span><\/a><\/p>\n","protected":false},"author":1,"featured_media":0,"parent":0,"menu_order":0,"comment_status":"closed","ping_status":"closed","template":"","meta":{"footnotes":""},"class_list":["post-19","page","type-page","status-publish","hentry"],"yoast_head":"<!-- This site is optimized with the Yoast SEO plugin v23.6 - https:\/\/yoast.com\/wordpress\/plugins\/seo\/ -->\n<title>Om oss - Flyttst\u00e4dning Kalmar<\/title>\n<meta name=\"robots\" content=\"index, follow, max-snippet:-1, max-image-preview:large, max-video-preview:-1\" \/>\n<link rel=\"canonical\" href=\"https:\/\/xn--flyttstdning-kalmar-mwb.se\/?page_id=19\" \/>\n<meta property=\"og:locale\" content=\"en_US\" \/>\n<meta property=\"og:type\" content=\"article\" \/>\n<meta property=\"og:title\" content=\"Om oss - Flyttst\u00e4dning Kalmar\" \/>\n<meta property=\"og:description\" content=\"Vilka \u00e4r vi? V\u00e5r&nbsp;st\u00e4dfirma Flyttst\u00e4dning Kalmar&nbsp;best\u00e5r av ett antal personer som alla har l\u00e5ng erfarenhet av flyttst\u00e4dning. Vi \u00e4r punktliga. Vi utf\u00f6r alla uppdrag inom beg\u00e4rd tid. Vi \u00e4r drogfria, sk\u00f6tsamma och sj\u00e4lvklart \u00e4ven hederliga. Sj\u00e4lvklart \u00e4r vi godk\u00e4nda f\u00f6r F-skatt och \u00e4r f\u00f6rs\u00e4krade vid L\u00e4nsf\u00f6rs\u00e4kringar f\u00f6r eventuella skador hos kund p\u00e5 upp till tio &hellip; Continue reading &quot;Om oss&quot;\" \/>\n<meta property=\"og:url\" content=\"https:\/\/xn--flyttstdning-kalmar-mwb.se\/?page_id=19\" \/>\n<meta property=\"og:site_name\" content=\"Flyttst\u00e4dning Kalmar\" \/>\n<meta property=\"article:modified_time\" content=\"2023-01-10T10:46:34+00:00\" \/>\n<meta name=\"twitter:card\" content=\"summary_large_image\" \/>\n<meta name=\"twitter:label1\" content=\"Est. reading time\" \/>\n\t<meta name=\"twitter:data1\" content=\"1 minute\" \/>\n<script type=\"application\/ld+json\" class=\"yoast-schema-graph\">{\"@context\":\"https:\/\/schema.org\",\"@graph\":[{\"@type\":\"WebPage\",\"@id\":\"https:\/\/xn--flyttstdning-kalmar-mwb.se\/?page_id=19\",\"url\":\"https:\/\/xn--flyttstdning-kalmar-mwb.se\/?page_id=19\",\"name\":\"Om oss - Flyttst\u00e4dning Kalmar\",\"isPartOf\":{\"@id\":\"https:\/\/xn--flyttstdning-kalmar-mwb.se\/#website\"},\"datePublished\":\"2020-02-25T10:22:10+00:00\",\"dateModified\":\"2023-01-10T10:46:34+00:00\",\"breadcrumb\":{\"@id\":\"https:\/\/xn--flyttstdning-kalmar-mwb.se\/?page_id=19#breadcrumb\"},\"inLanguage\":\"en-US\",\"potentialAction\":[{\"@type\":\"ReadAction\",\"target\":[\"https:\/\/xn--flyttstdning-kalmar-mwb.se\/?page_id=19\"]}]},{\"@type\":\"BreadcrumbList\",\"@id\":\"https:\/\/xn--flyttstdning-kalmar-mwb.se\/?page_id=19#breadcrumb\",\"itemListElement\":[{\"@type\":\"ListItem\",\"position\":1,\"name\":\"Home\",\"item\":\"https:\/\/xn--flyttstdning-kalmar-mwb.se\/\"},{\"@type\":\"ListItem\",\"position\":2,\"name\":\"Om oss\"}]},{\"@type\":\"WebSite\",\"@id\":\"https:\/\/xn--flyttstdning-kalmar-mwb.se\/#website\",\"url\":\"https:\/\/xn--flyttstdning-kalmar-mwb.se\/\",\"name\":\"Flyttst\u00e4dning Kalmar\",\"description\":\"Skinande st\u00e4dning till l\u00e5gt pris\",\"potentialAction\":[{\"@type\":\"SearchAction\",\"target\":{\"@type\":\"EntryPoint\",\"urlTemplate\":\"https:\/\/xn--flyttstdning-kalmar-mwb.se\/?s={search_term_string}\"},\"query-input\":{\"@type\":\"PropertyValueSpecification\",\"valueRequired\":true,\"valueName\":\"search_term_string\"}}],\"inLanguage\":\"en-US\"}]}<\/script>\n<!-- \/ Yoast SEO plugin. -->","yoast_head_json":{"title":"Om oss - Flyttst\u00e4dning Kalmar","robots":{"index":"index","follow":"follow","max-snippet":"max-snippet:-1","max-image-preview":"max-image-preview:large","max-video-preview":"max-video-preview:-1"},"canonical":"https:\/\/xn--flyttstdning-kalmar-mwb.se\/?page_id=19","og_locale":"en_US","og_type":"article","og_title":"Om oss - Flyttst\u00e4dning Kalmar","og_description":"Vilka \u00e4r vi? V\u00e5r&nbsp;st\u00e4dfirma Flyttst\u00e4dning Kalmar&nbsp;best\u00e5r av ett antal personer som alla har l\u00e5ng erfarenhet av flyttst\u00e4dning. Vi \u00e4r punktliga. Vi utf\u00f6r alla uppdrag inom beg\u00e4rd tid. Vi \u00e4r drogfria, sk\u00f6tsamma och sj\u00e4lvklart \u00e4ven hederliga. Sj\u00e4lvklart \u00e4r vi godk\u00e4nda f\u00f6r F-skatt och \u00e4r f\u00f6rs\u00e4krade vid L\u00e4nsf\u00f6rs\u00e4kringar f\u00f6r eventuella skador hos kund p\u00e5 upp till tio &hellip; Continue reading \"Om oss\"","og_url":"https:\/\/xn--flyttstdning-kalmar-mwb.se\/?page_id=19","og_site_name":"Flyttst\u00e4dning Kalmar","article_modified_time":"2023-01-10T10:46:34+00:00","twitter_card":"summary_large_image","twitter_misc":{"Est. reading time":"1 minute"},"schema":{"@context":"https:\/\/schema.org","@graph":[{"@type":"WebPage","@id":"https:\/\/xn--flyttstdning-kalmar-mwb.se\/?page_id=19","url":"https:\/\/xn--flyttstdning-kalmar-mwb.se\/?page_id=19","name":"Om oss - Flyttst\u00e4dning Kalmar","isPartOf":{"@id":"https:\/\/xn--flyttstdning-kalmar-mwb.se\/#website"},"datePublished":"2020-02-25T10:22:10+00:00","dateModified":"2023-01-10T10:46:34+00:00","breadcrumb":{"@id":"https:\/\/xn--flyttstdning-kalmar-mwb.se\/?page_id=19#breadcrumb"},"inLanguage":"en-US","potentialAction":[{"@type":"ReadAction","target":["https:\/\/xn--flyttstdning-kalmar-mwb.se\/?page_id=19"]}]},{"@type":"BreadcrumbList","@id":"https:\/\/xn--flyttstdning-kalmar-mwb.se\/?page_id=19#breadcrumb","itemListElement":[{"@type":"ListItem","position":1,"name":"Home","item":"https:\/\/xn--flyttstdning-kalmar-mwb.se\/"},{"@type":"ListItem","position":2,"name":"Om oss"}]},{"@type":"WebSite","@id":"https:\/\/xn--flyttstdning-kalmar-mwb.se\/#website","url":"https:\/\/xn--flyttstdning-kalmar-mwb.se\/","name":"Flyttst\u00e4dning Kalmar","description":"Skinande st\u00e4dning till l\u00e5gt pris","potentialAction":[{"@type":"SearchAction","target":{"@type":"EntryPoint","urlTemplate":"https:\/\/xn--flyttstdning-kalmar-mwb.se\/?s={search_term_string}"},"query-input":{"@type":"PropertyValueSpecification","valueRequired":true,"valueName":"search_term_string"}}],"inLanguage":"en-US"}]}},"_links":{"self":[{"href":"https:\/\/xn--flyttstdning-kalmar-mwb.se\/index.php?rest_route=\/wp\/v2\/pages\/19"}],"collection":[{"href":"https:\/\/xn--flyttstdning-kalmar-mwb.se\/index.php?rest_route=\/wp\/v2\/pages"}],"about":[{"href":"https:\/\/xn--flyttstdning-kalmar-mwb.se\/index.php?rest_route=\/wp\/v2\/types\/page"}],"author":[{"embeddable":true,"href":"https:\/\/xn--flyttstdning-kalmar-mwb.se\/index.php?rest_route=\/wp\/v2\/users\/1"}],"replies":[{"embeddable":true,"href":"https:\/\/xn--flyttstdning-kalmar-mwb.se\/index.php?rest_route=%2Fwp%2Fv2%2Fcomments&post=19"}],"version-history":[{"count":2,"href":"https:\/\/xn--flyttstdning-kalmar-mwb.se\/index.php?rest_route=\/wp\/v2\/pages\/19\/revisions"}],"predecessor-version":[{"id":58,"href":"https:\/\/xn--flyttstdning-kalmar-mwb.se\/index.php?rest_route=\/wp\/v2\/pages\/19\/revisions\/58"}],"wp:attachment":[{"href":"https:\/\/xn--flyttstdning-kalmar-mwb.se\/index.php?rest_route=%2Fwp%2Fv2%2Fmedia&parent=19"}],"curies":[{"name":"wp","href":"https:\/\/api.w.org\/{rel}","templated":true}]}}