{"id":23,"date":"2020-02-25T11:24:26","date_gmt":"2020-02-25T10:24:26","guid":{"rendered":"https:\/\/xn--flyttstdning-kalmar-mwb.se\/?page_id=23"},"modified":"2020-02-25T11:33:44","modified_gmt":"2020-02-25T10:33:44","slug":"kontakt","status":"publish","type":"page","link":"https:\/\/xn--flyttstdning-kalmar-mwb.se\/?page_id=23","title":{"rendered":"Kontakt"},"content":{"rendered":"\n<h3 class=\"wp-block-heading\">Boka flyttst\u00e4dning eller f\u00e5 ett pris?<\/h3>\n\n\n\n<p>Om du \u00e4r intresserad av att&nbsp;<strong>boka flyttst\u00e4dning<\/strong>&nbsp;med oss eller f\u00e5 en&nbsp;<strong>offert p\u00e5 flyttst\u00e4dning<\/strong>&nbsp;\u00e4r du v\u00e4lkommen att fylla i nedanst\u00e5ende formul\u00e4r och skicka in. Du beh\u00f6ver inte fylla i alla uppgifter om du bara vill ha ett pris \u2013 d\u00e4remot skulle vi vilja att du fyller i samtliga f\u00e4lt om du vill boka flyttst\u00e4dning. Vi besvarar en del vanliga fr\u00e5gor om formul\u00e4ret l\u00e4ngst ner.<\/p>\n\n\n\n<h4 class=\"wp-block-heading\">Offert<\/h4>\n\n\n\n<p>Fyll i detta formul\u00e4r om du vill f\u00e5 en offert:<\/p>\n\n\n\n\n<div class=\"wpcf7 no-js\" id=\"wpcf7-f28-o1\" lang=\"en-US\" dir=\"ltr\">\n<div class=\"screen-reader-response\"><p role=\"status\" aria-live=\"polite\" aria-atomic=\"true\"><\/p> <ul><\/ul><\/div>\n<form action=\"\/index.php?rest_route=%2Fwp%2Fv2%2Fpages%2F23#wpcf7-f28-o1\" method=\"post\" class=\"wpcf7-form init\" aria-label=\"Contact form\" novalidate=\"novalidate\" data-status=\"init\">\n<div style=\"display: none;\">\n<input type=\"hidden\" name=\"_wpcf7\" value=\"28\" \/>\n<input type=\"hidden\" name=\"_wpcf7_version\" value=\"5.9.8\" \/>\n<input type=\"hidden\" name=\"_wpcf7_locale\" value=\"en_US\" \/>\n<input type=\"hidden\" name=\"_wpcf7_unit_tag\" value=\"wpcf7-f28-o1\" \/>\n<input type=\"hidden\" name=\"_wpcf7_container_post\" value=\"0\" \/>\n<input type=\"hidden\" name=\"_wpcf7_posted_data_hash\" value=\"\" \/>\n<\/div>\n<p>Ditt namn (obligatorisk)\n<\/p>\n<p><span class=\"wpcf7-form-control-wrap\" data-name=\"your-name\"><input size=\"40\" maxlength=\"400\" class=\"wpcf7-form-control wpcf7-text wpcf7-validates-as-required\" aria-required=\"true\" aria-invalid=\"false\" value=\"\" type=\"text\" name=\"your-name\" \/><\/span>\n<\/p>\n<p>Din epost (obligatorisk)\n<\/p>\n<p><span class=\"wpcf7-form-control-wrap\" data-name=\"your-email\"><input size=\"40\" maxlength=\"400\" class=\"wpcf7-form-control wpcf7-email wpcf7-validates-as-required wpcf7-text wpcf7-validates-as-email\" aria-required=\"true\" aria-invalid=\"false\" value=\"\" type=\"email\" name=\"your-email\" \/><\/span>\n<\/p>\n<p>\u00c4mne\n<\/p>\n<p><span class=\"wpcf7-form-control-wrap\" data-name=\"your-subject\"><input size=\"40\" maxlength=\"400\" class=\"wpcf7-form-control wpcf7-text\" aria-invalid=\"false\" value=\"\" type=\"text\" name=\"your-subject\" \/><\/span>\n<\/p>\n<p>Ditt meddelande\n<\/p>\n<p><span class=\"wpcf7-form-control-wrap\" data-name=\"your-message\"><textarea cols=\"40\" rows=\"10\" maxlength=\"2000\" class=\"wpcf7-form-control wpcf7-textarea\" aria-invalid=\"false\" name=\"your-message\"><\/textarea><\/span>\n<\/p>\n<p><input class=\"wpcf7-form-control wpcf7-submit has-spinner\" type=\"submit\" value=\"Skicka\" \/>\n<\/p><div class=\"wpcf7-response-output\" aria-hidden=\"true\"><\/div>\n<\/form>\n<\/div>\n\n\n\n\n<h4 class=\"wp-block-heading\">Boka flyttst\u00e4dning<\/h4>\n\n\n\n<p>Fyll i detta formul\u00e4r om du vill boka flyttst\u00e4dning:<\/p>\n\n\n\n\n<div class=\"wpcf7 no-js\" id=\"wpcf7-f12-o2\" lang=\"en-US\" dir=\"ltr\">\n<div class=\"screen-reader-response\"><p role=\"status\" aria-live=\"polite\" aria-atomic=\"true\"><\/p> <ul><\/ul><\/div>\n<form action=\"\/index.php?rest_route=%2Fwp%2Fv2%2Fpages%2F23#wpcf7-f12-o2\" method=\"post\" class=\"wpcf7-form init\" aria-label=\"Contact form\" novalidate=\"novalidate\" data-status=\"init\">\n<div style=\"display: none;\">\n<input type=\"hidden\" name=\"_wpcf7\" value=\"12\" \/>\n<input type=\"hidden\" name=\"_wpcf7_version\" value=\"5.9.8\" \/>\n<input type=\"hidden\" name=\"_wpcf7_locale\" value=\"en_US\" \/>\n<input type=\"hidden\" name=\"_wpcf7_unit_tag\" value=\"wpcf7-f12-o2\" \/>\n<input type=\"hidden\" name=\"_wpcf7_container_post\" value=\"0\" \/>\n<input type=\"hidden\" name=\"_wpcf7_posted_data_hash\" value=\"\" \/>\n<\/div>\n<p><label for=\"namn\">Namn (obligatoriskt)<\/label><span class=\"wpcf7-form-control-wrap\" data-name=\"namn\"><input size=\"40\" maxlength=\"400\" class=\"wpcf7-form-control wpcf7-text wpcf7-validates-as-required\" aria-required=\"true\" aria-invalid=\"false\" value=\"\" type=\"text\" name=\"namn\" \/><\/span><br \/>\n<label for=\"adress\">Adress (obligatoriskt)<\/label><span class=\"wpcf7-form-control-wrap\" data-name=\"adress\"><input size=\"40\" maxlength=\"400\" class=\"wpcf7-form-control wpcf7-text wpcf7-validates-as-required\" aria-required=\"true\" aria-invalid=\"false\" value=\"\" type=\"text\" name=\"adress\" \/><\/span><br \/>\n<label for=\"epost\">E-post (obligatoriskt)<\/label><span class=\"wpcf7-form-control-wrap\" data-name=\"epost\"><input size=\"40\" maxlength=\"400\" class=\"wpcf7-form-control wpcf7-email wpcf7-validates-as-required wpcf7-text wpcf7-validates-as-email\" aria-required=\"true\" aria-invalid=\"false\" value=\"\" type=\"email\" name=\"epost\" \/><\/span><br \/>\n<label for=\"telefon\">Telefon (obligatoriskt)<\/label><span class=\"wpcf7-form-control-wrap\" data-name=\"telefon\"><input size=\"40\" maxlength=\"400\" class=\"wpcf7-form-control wpcf7-text wpcf7-validates-as-required\" aria-required=\"true\" aria-invalid=\"false\" value=\"\" type=\"text\" name=\"telefon\" \/><\/span><br \/>\n<label for=\"yta\">Kvadratmeter st\u00e4dyta (obligatoriskt)<\/label><span class=\"wpcf7-form-control-wrap\" data-name=\"kvadratmeter\"><input size=\"40\" maxlength=\"400\" class=\"wpcf7-form-control wpcf7-text wpcf7-validates-as-required\" aria-required=\"true\" aria-invalid=\"false\" value=\"\" type=\"text\" name=\"kvadratmeter\" \/><\/span><br \/>\n<label for=\"\u00f6vriga\">\u00d6vriga st\u00e4dytor <\/label><span class=\"wpcf7-form-control-wrap\" data-name=\"ovriga\"><input size=\"40\" maxlength=\"400\" class=\"wpcf7-form-control wpcf7-text\" aria-invalid=\"false\" value=\"\" type=\"text\" name=\"ovriga\" \/><\/span><br \/>\n<label for=\"datum\">Datum f\u00f6r st\u00e4dning <\/label><span class=\"wpcf7-form-control-wrap\" data-name=\"datum\"><input size=\"40\" maxlength=\"400\" class=\"wpcf7-form-control wpcf7-text\" aria-invalid=\"false\" value=\"\" type=\"text\" name=\"datum\" \/><\/span><br \/>\n<label for=\"personnummer\">Personnummer (obligatoriskt)<\/label><span class=\"wpcf7-form-control-wrap\" data-name=\"personnummer\"><input size=\"40\" maxlength=\"400\" class=\"wpcf7-form-control wpcf7-text wpcf7-validates-as-required\" aria-required=\"true\" aria-invalid=\"false\" value=\"\" type=\"text\" name=\"personnummer\" \/><\/span><br \/>\n<label for=\"fakturaadress\">Fakturaadress <\/label><span class=\"wpcf7-form-control-wrap\" data-name=\"fakturaadress\"><input size=\"40\" maxlength=\"400\" class=\"wpcf7-form-control wpcf7-text\" aria-invalid=\"false\" value=\"\" type=\"text\" name=\"fakturaadress\" \/><\/span><br \/>\n<label for=\"\u00f6vrigt\">\u00d6vrig info<\/label><span class=\"wpcf7-form-control-wrap\" data-name=\"ovrigt\"><textarea cols=\"40\" rows=\"10\" maxlength=\"2000\" class=\"wpcf7-form-control wpcf7-textarea\" aria-invalid=\"false\" name=\"ovrigt\"><\/textarea><\/span><br \/>\n<input class=\"wpcf7-form-control wpcf7-submit has-spinner\" type=\"submit\" value=\"Skicka\" \/>\n<\/p><div class=\"wpcf7-response-output\" aria-hidden=\"true\"><\/div>\n<\/form>\n<\/div>\n\n\n\n\n<h4 class=\"wp-block-heading\">Varf\u00f6r \u00e4r e-postadress obligatoriskt att fylla i?<\/h4>\n\n\n\n<p>F\u00f6rutom att vi skickar en bokningsbekr\u00e4ftelse eller offert till dig p\u00e5 mail s\u00e5 skickar vi \u00e4ven faktura via mail. Fakturan utf\u00e4rdas som en PDF-fil och mailas \u00f6ver efter att flyttst\u00e4dningen \u00e4r utf\u00f6rd. D\u00e4rf\u00f6r \u00e4r det viktigt att du anger en korrekt e-postadress och kontrollerar s\u00e5 att v\u00e5ra mail inte r\u00e5kar hamna i din skr\u00e4ppost.<\/p>\n\n\n\n<h4 class=\"wp-block-heading\">Varf\u00f6r vill ni veta mitt personnummer?<\/h4>\n\n\n\n<p>Den enda anledningen till att vi vill ha ditt personnummer \u00e4r om du bokar en flyttst\u00e4dning med oss och vill utnyttja RUT-avdraget. Vi kan n\u00e4mligen inte ans\u00f6ka om utbetalning f\u00f6r din r\u00e4kning fr\u00e5n Skatteverket om vi inte har ditt personnummer. Det \u00e4r Skatteverket som kr\u00e4ver den uppgiften \u2013 inte vi.<\/p>\n\n\n\n<h4 class=\"wp-block-heading\">Vad avses med \u00f6vriga st\u00e4dytor?<\/h4>\n\n\n\n<p>Exempel p\u00e5 \u00f6vriga st\u00e4dytor som du vill ha st\u00e4dat eller f\u00e5 prisuppgift p\u00e5 \u00e4r balkong, vind, f\u00f6rr\u00e5d, garage och dylikt \u2013 det vill s\u00e4ga ytor som inte ing\u00e5r i sj\u00e4lva boytan.<\/p>\n\n\n\n<h4 class=\"wp-block-heading\">Vilken \u00f6vrig info kan vara v\u00e4rt att fylla i?<\/h4>\n\n\n\n<p>Det kan r\u00f6ra sig om portkod, upplysningar om n\u00e4r \u00f6verl\u00e5telsen ska ske av huset \/ l\u00e4genheten, om m\u00f6bler ska finnas kvar n\u00e4r vi st\u00e4dar, om vissa ytor inte beh\u00f6ver reng\u00f6ras &nbsp;till exempel.<\/p>\n","protected":false},"excerpt":{"rendered":"<p>Boka flyttst\u00e4dning eller f\u00e5 ett pris? Om du \u00e4r intresserad av att&nbsp;boka flyttst\u00e4dning&nbsp;med oss eller f\u00e5 en&nbsp;offert p\u00e5 flyttst\u00e4dning&nbsp;\u00e4r du v\u00e4lkommen att fylla i nedanst\u00e5ende formul\u00e4r och skicka in. Du beh\u00f6ver inte fylla i alla uppgifter om du bara vill ha ett pris \u2013 d\u00e4remot skulle vi vilja att du fyller i samtliga f\u00e4lt om &hellip; <\/p>\n<p class=\"link-more\"><a href=\"https:\/\/xn--flyttstdning-kalmar-mwb.se\/?page_id=23\" class=\"more-link\">Continue reading<span class=\"screen-reader-text\"> &#8220;Kontakt&#8221;<\/span><\/a><\/p>\n","protected":false},"author":1,"featured_media":0,"parent":0,"menu_order":0,"comment_status":"closed","ping_status":"closed","template":"","meta":{"footnotes":""},"class_list":["post-23","page","type-page","status-publish","hentry"],"yoast_head":"<!-- This site is optimized with the Yoast SEO plugin v23.6 - https:\/\/yoast.com\/wordpress\/plugins\/seo\/ -->\n<title>Kontakt - Flyttst\u00e4dning Kalmar<\/title>\n<meta name=\"robots\" content=\"index, follow, max-snippet:-1, max-image-preview:large, max-video-preview:-1\" \/>\n<link rel=\"canonical\" href=\"https:\/\/xn--flyttstdning-kalmar-mwb.se\/?page_id=23\" \/>\n<meta property=\"og:locale\" content=\"en_US\" \/>\n<meta property=\"og:type\" content=\"article\" \/>\n<meta property=\"og:title\" content=\"Kontakt - Flyttst\u00e4dning Kalmar\" \/>\n<meta property=\"og:description\" content=\"Boka flyttst\u00e4dning eller f\u00e5 ett pris? Om du \u00e4r intresserad av att&nbsp;boka flyttst\u00e4dning&nbsp;med oss eller f\u00e5 en&nbsp;offert p\u00e5 flyttst\u00e4dning&nbsp;\u00e4r du v\u00e4lkommen att fylla i nedanst\u00e5ende formul\u00e4r och skicka in. Du beh\u00f6ver inte fylla i alla uppgifter om du bara vill ha ett pris \u2013 d\u00e4remot skulle vi vilja att du fyller i samtliga f\u00e4lt om &hellip; Continue reading &quot;Kontakt&quot;\" \/>\n<meta property=\"og:url\" content=\"https:\/\/xn--flyttstdning-kalmar-mwb.se\/?page_id=23\" \/>\n<meta property=\"og:site_name\" content=\"Flyttst\u00e4dning Kalmar\" \/>\n<meta property=\"article:modified_time\" content=\"2020-02-25T10:33:44+00:00\" \/>\n<meta name=\"twitter:card\" content=\"summary_large_image\" \/>\n<meta name=\"twitter:label1\" content=\"Est. reading time\" \/>\n\t<meta name=\"twitter:data1\" content=\"2 minutes\" \/>\n<script type=\"application\/ld+json\" class=\"yoast-schema-graph\">{\"@context\":\"https:\/\/schema.org\",\"@graph\":[{\"@type\":\"WebPage\",\"@id\":\"https:\/\/xn--flyttstdning-kalmar-mwb.se\/?page_id=23\",\"url\":\"https:\/\/xn--flyttstdning-kalmar-mwb.se\/?page_id=23\",\"name\":\"Kontakt - Flyttst\u00e4dning Kalmar\",\"isPartOf\":{\"@id\":\"https:\/\/xn--flyttstdning-kalmar-mwb.se\/#website\"},\"datePublished\":\"2020-02-25T10:24:26+00:00\",\"dateModified\":\"2020-02-25T10:33:44+00:00\",\"breadcrumb\":{\"@id\":\"https:\/\/xn--flyttstdning-kalmar-mwb.se\/?page_id=23#breadcrumb\"},\"inLanguage\":\"en-US\",\"potentialAction\":[{\"@type\":\"ReadAction\",\"target\":[\"https:\/\/xn--flyttstdning-kalmar-mwb.se\/?page_id=23\"]}]},{\"@type\":\"BreadcrumbList\",\"@id\":\"https:\/\/xn--flyttstdning-kalmar-mwb.se\/?page_id=23#breadcrumb\",\"itemListElement\":[{\"@type\":\"ListItem\",\"position\":1,\"name\":\"Home\",\"item\":\"https:\/\/xn--flyttstdning-kalmar-mwb.se\/\"},{\"@type\":\"ListItem\",\"position\":2,\"name\":\"Kontakt\"}]},{\"@type\":\"WebSite\",\"@id\":\"https:\/\/xn--flyttstdning-kalmar-mwb.se\/#website\",\"url\":\"https:\/\/xn--flyttstdning-kalmar-mwb.se\/\",\"name\":\"Flyttst\u00e4dning Kalmar\",\"description\":\"Skinande st\u00e4dning till l\u00e5gt pris\",\"potentialAction\":[{\"@type\":\"SearchAction\",\"target\":{\"@type\":\"EntryPoint\",\"urlTemplate\":\"https:\/\/xn--flyttstdning-kalmar-mwb.se\/?s={search_term_string}\"},\"query-input\":{\"@type\":\"PropertyValueSpecification\",\"valueRequired\":true,\"valueName\":\"search_term_string\"}}],\"inLanguage\":\"en-US\"}]}<\/script>\n<!-- \/ Yoast SEO plugin. -->","yoast_head_json":{"title":"Kontakt - Flyttst\u00e4dning Kalmar","robots":{"index":"index","follow":"follow","max-snippet":"max-snippet:-1","max-image-preview":"max-image-preview:large","max-video-preview":"max-video-preview:-1"},"canonical":"https:\/\/xn--flyttstdning-kalmar-mwb.se\/?page_id=23","og_locale":"en_US","og_type":"article","og_title":"Kontakt - Flyttst\u00e4dning Kalmar","og_description":"Boka flyttst\u00e4dning eller f\u00e5 ett pris? Om du \u00e4r intresserad av att&nbsp;boka flyttst\u00e4dning&nbsp;med oss eller f\u00e5 en&nbsp;offert p\u00e5 flyttst\u00e4dning&nbsp;\u00e4r du v\u00e4lkommen att fylla i nedanst\u00e5ende formul\u00e4r och skicka in. Du beh\u00f6ver inte fylla i alla uppgifter om du bara vill ha ett pris \u2013 d\u00e4remot skulle vi vilja att du fyller i samtliga f\u00e4lt om &hellip; Continue reading \"Kontakt\"","og_url":"https:\/\/xn--flyttstdning-kalmar-mwb.se\/?page_id=23","og_site_name":"Flyttst\u00e4dning Kalmar","article_modified_time":"2020-02-25T10:33:44+00:00","twitter_card":"summary_large_image","twitter_misc":{"Est. reading time":"2 minutes"},"schema":{"@context":"https:\/\/schema.org","@graph":[{"@type":"WebPage","@id":"https:\/\/xn--flyttstdning-kalmar-mwb.se\/?page_id=23","url":"https:\/\/xn--flyttstdning-kalmar-mwb.se\/?page_id=23","name":"Kontakt - Flyttst\u00e4dning Kalmar","isPartOf":{"@id":"https:\/\/xn--flyttstdning-kalmar-mwb.se\/#website"},"datePublished":"2020-02-25T10:24:26+00:00","dateModified":"2020-02-25T10:33:44+00:00","breadcrumb":{"@id":"https:\/\/xn--flyttstdning-kalmar-mwb.se\/?page_id=23#breadcrumb"},"inLanguage":"en-US","potentialAction":[{"@type":"ReadAction","target":["https:\/\/xn--flyttstdning-kalmar-mwb.se\/?page_id=23"]}]},{"@type":"BreadcrumbList","@id":"https:\/\/xn--flyttstdning-kalmar-mwb.se\/?page_id=23#breadcrumb","itemListElement":[{"@type":"ListItem","position":1,"name":"Home","item":"https:\/\/xn--flyttstdning-kalmar-mwb.se\/"},{"@type":"ListItem","position":2,"name":"Kontakt"}]},{"@type":"WebSite","@id":"https:\/\/xn--flyttstdning-kalmar-mwb.se\/#website","url":"https:\/\/xn--flyttstdning-kalmar-mwb.se\/","name":"Flyttst\u00e4dning Kalmar","description":"Skinande st\u00e4dning till l\u00e5gt pris","potentialAction":[{"@type":"SearchAction","target":{"@type":"EntryPoint","urlTemplate":"https:\/\/xn--flyttstdning-kalmar-mwb.se\/?s={search_term_string}"},"query-input":{"@type":"PropertyValueSpecification","valueRequired":true,"valueName":"search_term_string"}}],"inLanguage":"en-US"}]}},"_links":{"self":[{"href":"https:\/\/xn--flyttstdning-kalmar-mwb.se\/index.php?rest_route=\/wp\/v2\/pages\/23"}],"collection":[{"href":"https:\/\/xn--flyttstdning-kalmar-mwb.se\/index.php?rest_route=\/wp\/v2\/pages"}],"about":[{"href":"https:\/\/xn--flyttstdning-kalmar-mwb.se\/index.php?rest_route=\/wp\/v2\/types\/page"}],"author":[{"embeddable":true,"href":"https:\/\/xn--flyttstdning-kalmar-mwb.se\/index.php?rest_route=\/wp\/v2\/users\/1"}],"replies":[{"embeddable":true,"href":"https:\/\/xn--flyttstdning-kalmar-mwb.se\/index.php?rest_route=%2Fwp%2Fv2%2Fcomments&post=23"}],"version-history":[{"count":3,"href":"https:\/\/xn--flyttstdning-kalmar-mwb.se\/index.php?rest_route=\/wp\/v2\/pages\/23\/revisions"}],"predecessor-version":[{"id":30,"href":"https:\/\/xn--flyttstdning-kalmar-mwb.se\/index.php?rest_route=\/wp\/v2\/pages\/23\/revisions\/30"}],"wp:attachment":[{"href":"https:\/\/xn--flyttstdning-kalmar-mwb.se\/index.php?rest_route=%2Fwp%2Fv2%2Fmedia&parent=23"}],"curies":[{"name":"wp","href":"https:\/\/api.w.org\/{rel}","templated":true}]}}